{"id":11,"date":"2014-04-14T10:38:12","date_gmt":"2014-04-14T08:38:12","guid":{"rendered":"http:\/\/statusnet.port-x.de\/?page_id=11"},"modified":"2018-05-27T07:00:08","modified_gmt":"2018-05-27T05:00:08","slug":"unsere-imkerrei","status":"publish","type":"page","link":"https:\/\/bee.port-x.de\/?page_id=11","title":{"rendered":"Unsere Imkerei"},"content":{"rendered":"<h5><strong>Unsere Bienen<\/strong><br \/>\nWir imkern mit Buckfast-Bienen.<\/h5>\n<p>Die urspr\u00fcngliche \u201c<a href=\"http:\/\/www.gdeb.eu\/die-buckfast-biene\/\">Buckfast-Biene<\/a>\u201d ist eine Kreuzung zwischen der dunklen englischen Biene\u00a0und der lederbraunen ligustica-Biene aus Norditalien. Sie wurde in England von\u00a0<a href=\"http:\/\/de.wikipedia.org\/wiki\/Karl_Kehrle\" target=\"_blank\" rel=\"noopener\">Bruder Adam<\/a>\u00a0in der <a href=\"http:\/\/www.buckfast.org.uk\" target=\"_blank\" rel=\"noopener\">Buckfast Abbey<\/a> gez\u00fcchtet und ist die erfolgreichste Neuz\u00fcchtung der letzten Jahre.\u00a0Die Buckfastbiene ist eine dynamische Rasse, so k\u00f6nnen deren Eigenschaften jederzeit durch\u00a0gezieltes einkreuzen weiterer Rassen ver\u00e4ndert werden. Die Buckfastbiene ist sehr vital,\u00a0sanftm\u00fctig, schwarmtr\u00e4ge Biene und sie bringt gute Honigertr\u00e4ge. Sie ist heute weit\u00a0verbreitet und als eigenst\u00e4ndige Rasse anerkannt.<\/p>\n<h5><strong>Unser Trachtgebiet<\/strong><\/h5>\n<p>Wir betreiben eine Standimkerei. Unsere Bienen sind alle in der n\u00e4heren Umgebung an\u00a0sonnigen Pl\u00e4tzen stationiert. Im Fr\u00fchling werden die Bienenv\u00f6lker auf die Tracht der <a href=\"http:\/\/www.regionmagdeburg.de\/index.phtml?sNavID=493.86&amp;La=1\">Magdeburger B\u00f6rde<\/a> vorbereitet. Auf dem station\u00e4ren\u00a0Heimstand betreiben wir auch eine K\u00f6niginnenzucht mit\u00a0diverse Begattungseinheiten.<\/p>\n<h5><strong>Beutentyp<\/strong><\/h5>\n<p>Wir halten unsere Bienen in 12-Waben Dadant-Blatt Magazinbeuten. Im Gegensatz zur bekannten Hinterbehandlungsbeute handelt es sich dabei um freistehende Einzelbehausungen der Bienen. Alle\u00a0Arbeiten werden von oben sehr zeitsparend ausgef\u00fchrt. Mit diesem Beutentyp wird weltweit\u00a0erfolgreich geimkert.<\/p>\n<p><strong>18.06.2016 - Unser Informationsstand zum 25 J\u00e4hrigem B\u00f6rdegr\u00fcn Jubil\u00e4um<\/strong><\/p>\n<p style=\"color: #ffffff;\"><a href=\"https:\/\/i0.wp.com\/bee.port-x.de\/wp-content\/uploads\/2014\/04\/DSC_4042-1.jpg\"><img data-recalc-dims=\"1\" loading=\"lazy\" decoding=\"async\" class=\"wp-image-361 alignleft\" src=\"https:\/\/i0.wp.com\/bee.port-x.de\/wp-content\/uploads\/2014\/04\/DSC_4042-1-300x200.jpg?resize=625%2C417\" alt=\"DSC_4042 (1)\" width=\"625\" height=\"417\" srcset=\"https:\/\/i0.wp.com\/bee.port-x.de\/wp-content\/uploads\/2014\/04\/DSC_4042-1.jpg?resize=300%2C200&amp;ssl=1 300w, https:\/\/i0.wp.com\/bee.port-x.de\/wp-content\/uploads\/2014\/04\/DSC_4042-1.jpg?resize=600%2C400&amp;ssl=1 600w, https:\/\/i0.wp.com\/bee.port-x.de\/wp-content\/uploads\/2014\/04\/DSC_4042-1.jpg?resize=768%2C512&amp;ssl=1 768w, https:\/\/i0.wp.com\/bee.port-x.de\/wp-content\/uploads\/2014\/04\/DSC_4042-1.jpg?resize=1024%2C683&amp;ssl=1 1024w, https:\/\/i0.wp.com\/bee.port-x.de\/wp-content\/uploads\/2014\/04\/DSC_4042-1.jpg?resize=960%2C640&amp;ssl=1 960w, https:\/\/i0.wp.com\/bee.port-x.de\/wp-content\/uploads\/2014\/04\/DSC_4042-1.jpg?w=1250&amp;ssl=1 1250w, https:\/\/i0.wp.com\/bee.port-x.de\/wp-content\/uploads\/2014\/04\/DSC_4042-1.jpg?w=1875&amp;ssl=1 1875w\" sizes=\"(max-width: 625px) 100vw, 625px\" \/><\/a>Bitcoin Honig Kaufen Buckfast K\u00f6niginen Ableger Imkerei Zeidlerei Kerzen Zucht Sachsen Anhalt Verkauf DHL Echter Klein Rodensleben Deutscher Honig BIO<\/p>\n","protected":false},"excerpt":{"rendered":"<p>Unsere Bienen Wir imkern mit Buckfast-Bienen. Die urspr\u00fcngliche \u201cBuckfast-Biene\u201d ist eine Kreuzung zwischen der dunklen englischen Biene\u00a0und der lederbraunen ligustica-Biene aus Norditalien. Sie wurde in England von\u00a0Bruder Adam\u00a0in der Buckfast Abbey gez\u00fcchtet und ist die erfolgreichste Neuz\u00fcchtung der letzten Jahre.\u00a0Die Buckfastbiene ist eine dynamische Rasse, so k\u00f6nnen deren Eigenschaften jederzeit durch\u00a0gezieltes einkreuzen weiterer Rassen ver\u00e4ndert <a class=\"read-more\" href=\"https:\/\/bee.port-x.de\/?page_id=11\">... weiterlesen <span class=\"meta-nav\">&rarr;<\/span><\/a><\/p>\n","protected":false},"author":1,"featured_media":0,"parent":0,"menu_order":1,"comment_status":"open","ping_status":"open","template":"","meta":{"footnotes":""},"yoast_head":"<!-- This site is optimized with the Yoast SEO plugin v24.5 - https:\/\/yoast.com\/wordpress\/plugins\/seo\/ -->\n<title>Unsere Imkerei - Hobby Imkerei - Zeidlerei Fam. Mario Roeber<\/title>\n<meta name=\"description\" content=\"Bitcoin Honig Kaufen Buckfast K\u00f6niginen Ableger Imkerei Zeidlerei Kerzen Zucht Klein Rodensleben Sachsen Anhalt Verkauf DHL Echter Deutscher Honig BIO\" \/>\n<meta name=\"robots\" content=\"index, follow, max-snippet:-1, max-image-preview:large, max-video-preview:-1\" \/>\n<link rel=\"canonical\" href=\"https:\/\/bee.port-x.de\/?page_id=11\" \/>\n<meta property=\"og:locale\" content=\"de_DE\" \/>\n<meta property=\"og:type\" content=\"article\" \/>\n<meta property=\"og:title\" content=\"Unsere Imkerei - Hobby Imkerei - Zeidlerei Fam. Mario Roeber\" \/>\n<meta property=\"og:description\" content=\"Bitcoin Honig Kaufen Buckfast K\u00f6niginen Ableger Imkerei Zeidlerei Kerzen Zucht Klein Rodensleben Sachsen Anhalt Verkauf DHL Echter Deutscher Honig BIO\" \/>\n<meta property=\"og:url\" content=\"https:\/\/bee.port-x.de\/?page_id=11\" \/>\n<meta property=\"og:site_name\" content=\"Hobby Imkerei - Zeidlerei Fam. Mario Roeber\" \/>\n<meta property=\"article:publisher\" content=\"https:\/\/www.facebook.com\/cheyenne.roeber\" \/>\n<meta property=\"article:modified_time\" content=\"2018-05-27T05:00:08+00:00\" \/>\n<meta property=\"og:image\" content=\"http:\/\/bee.port-x.de\/wp-content\/uploads\/2014\/04\/DSC_4042-1-300x200.jpg\" \/>\n<meta name=\"twitter:card\" content=\"summary_large_image\" \/>\n<meta name=\"twitter:label1\" content=\"Gesch\u00e4tzte Lesezeit\" \/>\n\t<meta name=\"twitter:data1\" content=\"1\u00a0Minute\" \/>\n<script type=\"application\/ld+json\" class=\"yoast-schema-graph\">{\"@context\":\"https:\/\/schema.org\",\"@graph\":[{\"@type\":\"WebPage\",\"@id\":\"https:\/\/bee.port-x.de\/?page_id=11\",\"url\":\"https:\/\/bee.port-x.de\/?page_id=11\",\"name\":\"Unsere Imkerei - Hobby Imkerei - Zeidlerei Fam. Mario Roeber\",\"isPartOf\":{\"@id\":\"http:\/\/212.21.68.35\/#website\"},\"primaryImageOfPage\":{\"@id\":\"https:\/\/bee.port-x.de\/?page_id=11#primaryimage\"},\"image\":{\"@id\":\"https:\/\/bee.port-x.de\/?page_id=11#primaryimage\"},\"thumbnailUrl\":\"http:\/\/bee.port-x.de\/wp-content\/uploads\/2014\/04\/DSC_4042-1-300x200.jpg\",\"datePublished\":\"2014-04-14T08:38:12+00:00\",\"dateModified\":\"2018-05-27T05:00:08+00:00\",\"description\":\"Bitcoin Honig Kaufen Buckfast K\u00f6niginen Ableger Imkerei Zeidlerei Kerzen Zucht Klein Rodensleben Sachsen Anhalt Verkauf DHL Echter Deutscher Honig BIO\",\"inLanguage\":\"de\",\"potentialAction\":[{\"@type\":\"ReadAction\",\"target\":[\"https:\/\/bee.port-x.de\/?page_id=11\"]}]},{\"@type\":\"ImageObject\",\"inLanguage\":\"de\",\"@id\":\"https:\/\/bee.port-x.de\/?page_id=11#primaryimage\",\"url\":\"http:\/\/bee.port-x.de\/wp-content\/uploads\/2014\/04\/DSC_4042-1-300x200.jpg\",\"contentUrl\":\"http:\/\/bee.port-x.de\/wp-content\/uploads\/2014\/04\/DSC_4042-1-300x200.jpg\"},{\"@type\":\"WebSite\",\"@id\":\"http:\/\/212.21.68.35\/#website\",\"url\":\"http:\/\/212.21.68.35\/\",\"name\":\"Imkerei - Zeidlerei Fam. Mario Roeber\",\"description\":\"Wir produzieren Honig durch Bienenhaltung und Vermehrung mitten in der Magdeburger B\u00f6rde\",\"publisher\":{\"@id\":\"http:\/\/212.21.68.35\/#organization\"},\"potentialAction\":[{\"@type\":\"SearchAction\",\"target\":{\"@type\":\"EntryPoint\",\"urlTemplate\":\"http:\/\/212.21.68.35\/?s={search_term_string}\"},\"query-input\":{\"@type\":\"PropertyValueSpecification\",\"valueRequired\":true,\"valueName\":\"search_term_string\"}}],\"inLanguage\":\"de\"},{\"@type\":\"Organization\",\"@id\":\"http:\/\/212.21.68.35\/#organization\",\"name\":\"Imkerei \u2013 Zeidlerei Fam. Mario Roeber\",\"url\":\"http:\/\/212.21.68.35\/\",\"logo\":{\"@type\":\"ImageObject\",\"inLanguage\":\"de\",\"@id\":\"http:\/\/212.21.68.35\/#\/schema\/logo\/image\/\",\"url\":\"http:\/\/bee.port-x.de\/wp-content\/uploads\/2015\/03\/logo1.jpg\",\"contentUrl\":\"http:\/\/bee.port-x.de\/wp-content\/uploads\/2015\/03\/logo1.jpg\",\"width\":260,\"height\":96,\"caption\":\"Imkerei \u2013 Zeidlerei Fam. Mario Roeber\"},\"image\":{\"@id\":\"http:\/\/212.21.68.35\/#\/schema\/logo\/image\/\"},\"sameAs\":[\"https:\/\/www.facebook.com\/cheyenne.roeber\"]}]}<\/script>\n<!-- \/ Yoast SEO plugin. -->","yoast_head_json":{"title":"Unsere Imkerei - Hobby Imkerei - Zeidlerei Fam. Mario Roeber","description":"Bitcoin Honig Kaufen Buckfast K\u00f6niginen Ableger Imkerei Zeidlerei Kerzen Zucht Klein Rodensleben Sachsen Anhalt Verkauf DHL Echter Deutscher Honig BIO","robots":{"index":"index","follow":"follow","max-snippet":"max-snippet:-1","max-image-preview":"max-image-preview:large","max-video-preview":"max-video-preview:-1"},"canonical":"https:\/\/bee.port-x.de\/?page_id=11","og_locale":"de_DE","og_type":"article","og_title":"Unsere Imkerei - Hobby Imkerei - Zeidlerei Fam. Mario Roeber","og_description":"Bitcoin Honig Kaufen Buckfast K\u00f6niginen Ableger Imkerei Zeidlerei Kerzen Zucht Klein Rodensleben Sachsen Anhalt Verkauf DHL Echter Deutscher Honig BIO","og_url":"https:\/\/bee.port-x.de\/?page_id=11","og_site_name":"Hobby Imkerei - Zeidlerei Fam. Mario Roeber","article_publisher":"https:\/\/www.facebook.com\/cheyenne.roeber","article_modified_time":"2018-05-27T05:00:08+00:00","og_image":[{"url":"http:\/\/bee.port-x.de\/wp-content\/uploads\/2014\/04\/DSC_4042-1-300x200.jpg","type":"","width":"","height":""}],"twitter_card":"summary_large_image","twitter_misc":{"Gesch\u00e4tzte Lesezeit":"1\u00a0Minute"},"schema":{"@context":"https:\/\/schema.org","@graph":[{"@type":"WebPage","@id":"https:\/\/bee.port-x.de\/?page_id=11","url":"https:\/\/bee.port-x.de\/?page_id=11","name":"Unsere Imkerei - Hobby Imkerei - Zeidlerei Fam. Mario Roeber","isPartOf":{"@id":"http:\/\/212.21.68.35\/#website"},"primaryImageOfPage":{"@id":"https:\/\/bee.port-x.de\/?page_id=11#primaryimage"},"image":{"@id":"https:\/\/bee.port-x.de\/?page_id=11#primaryimage"},"thumbnailUrl":"http:\/\/bee.port-x.de\/wp-content\/uploads\/2014\/04\/DSC_4042-1-300x200.jpg","datePublished":"2014-04-14T08:38:12+00:00","dateModified":"2018-05-27T05:00:08+00:00","description":"Bitcoin Honig Kaufen Buckfast K\u00f6niginen Ableger Imkerei Zeidlerei Kerzen Zucht Klein Rodensleben Sachsen Anhalt Verkauf DHL Echter Deutscher Honig BIO","inLanguage":"de","potentialAction":[{"@type":"ReadAction","target":["https:\/\/bee.port-x.de\/?page_id=11"]}]},{"@type":"ImageObject","inLanguage":"de","@id":"https:\/\/bee.port-x.de\/?page_id=11#primaryimage","url":"http:\/\/bee.port-x.de\/wp-content\/uploads\/2014\/04\/DSC_4042-1-300x200.jpg","contentUrl":"http:\/\/bee.port-x.de\/wp-content\/uploads\/2014\/04\/DSC_4042-1-300x200.jpg"},{"@type":"WebSite","@id":"http:\/\/212.21.68.35\/#website","url":"http:\/\/212.21.68.35\/","name":"Imkerei - Zeidlerei Fam. Mario Roeber","description":"Wir produzieren Honig durch Bienenhaltung und Vermehrung mitten in der Magdeburger B\u00f6rde","publisher":{"@id":"http:\/\/212.21.68.35\/#organization"},"potentialAction":[{"@type":"SearchAction","target":{"@type":"EntryPoint","urlTemplate":"http:\/\/212.21.68.35\/?s={search_term_string}"},"query-input":{"@type":"PropertyValueSpecification","valueRequired":true,"valueName":"search_term_string"}}],"inLanguage":"de"},{"@type":"Organization","@id":"http:\/\/212.21.68.35\/#organization","name":"Imkerei \u2013 Zeidlerei Fam. Mario Roeber","url":"http:\/\/212.21.68.35\/","logo":{"@type":"ImageObject","inLanguage":"de","@id":"http:\/\/212.21.68.35\/#\/schema\/logo\/image\/","url":"http:\/\/bee.port-x.de\/wp-content\/uploads\/2015\/03\/logo1.jpg","contentUrl":"http:\/\/bee.port-x.de\/wp-content\/uploads\/2015\/03\/logo1.jpg","width":260,"height":96,"caption":"Imkerei \u2013 Zeidlerei Fam. Mario Roeber"},"image":{"@id":"http:\/\/212.21.68.35\/#\/schema\/logo\/image\/"},"sameAs":["https:\/\/www.facebook.com\/cheyenne.roeber"]}]}},"jetpack_sharing_enabled":true,"_links":{"self":[{"href":"https:\/\/bee.port-x.de\/index.php?rest_route=\/wp\/v2\/pages\/11"}],"collection":[{"href":"https:\/\/bee.port-x.de\/index.php?rest_route=\/wp\/v2\/pages"}],"about":[{"href":"https:\/\/bee.port-x.de\/index.php?rest_route=\/wp\/v2\/types\/page"}],"author":[{"embeddable":true,"href":"https:\/\/bee.port-x.de\/index.php?rest_route=\/wp\/v2\/users\/1"}],"replies":[{"embeddable":true,"href":"https:\/\/bee.port-x.de\/index.php?rest_route=%2Fwp%2Fv2%2Fcomments&post=11"}],"version-history":[{"count":0,"href":"https:\/\/bee.port-x.de\/index.php?rest_route=\/wp\/v2\/pages\/11\/revisions"}],"wp:attachment":[{"href":"https:\/\/bee.port-x.de\/index.php?rest_route=%2Fwp%2Fv2%2Fmedia&parent=11"}],"curies":[{"name":"wp","href":"https:\/\/api.w.org\/{rel}","templated":true}]}}