{"id":111,"date":"2014-04-25T11:31:09","date_gmt":"2014-04-25T09:31:09","guid":{"rendered":"http:\/\/bee.port-x.de\/?page_id=111"},"modified":"2017-03-06T13:32:21","modified_gmt":"2017-03-06T12:32:21","slug":"zeidlerei","status":"publish","type":"page","link":"https:\/\/bee.port-x.de\/?page_id=111","title":{"rendered":"Zeidlerei"},"content":{"rendered":"<p><strong>Die Zeidlerei wiederbelebt<\/strong><\/p>\n<p>Die Zeidlerei (auch Zedlerei) war im Mittelalter das gewerbsm\u00e4\u00dfige Sammeln von Honig wilder oder halbwilder Bienenv\u00f6lker, das von Zeidlern ausge\u00fcbt wurde.<\/p>\n<p>Das Wort kommt vom altdeutschen \u201ezeideln\u201c (\u201eHonig schneiden\u201c). Schneiden deshalb, weil hier \u2013 anders als heute \u2013 die gesamte Honigwabe entnommen (erbeutet) wurde dabei war der Fortbestand des Bienenvolkes nachrangig. Honig und Wachs konnten sofort verwertet und weiterverarbeitet werden.<\/p>\n<p><strong>Vom Mittelalter in die Neuzeit<\/strong><\/p>\n<p>Der Imker besch\u00e4ftigt sich mit der Haltung, der Vermehrung und der Z\u00fcchtung von Honigbienen und der Produktion von Honig und weiterer Bienenprodukte. Imker ist eine Wortzusammensetzung aus dem niederdeutschen Begriff Imme f\u00fcr \u201eBiene\u201c und dem mittelniederdeutschen Wort kar f\u00fcr \u201eKorb, Gef\u00e4\u00df\u201c. Imker darf zwar jeder ohne eine spezielle Ausbildung sein, trotzdem gibt es auch einen zugeh\u00f6rigen Lehrberuf mit der amtlichen Bezeichnung Tierwirt, Fachrichtung Imkerei.<\/p>\n<p>Im Unterschied zum Mittelalter liegt uns das Wohlergehen unserer Sch\u00fctzlinge sehr am Herzen und sie werden gehegt und gepflegt. Frei nach dem Motto von Bruder Adam \"Jede K\u00f6nigin soll im Paradis leben\". Also tun wir alles damit sich unsere M\u00e4dels Wohl f\u00fchlen. Da wir keine gewerbsm\u00e4\u00dfige Imkerei betreiben, k\u00f6nnen wir uns den Luxus leisten mit unseren Bienen sehr behutsam umzugehen. Was sich erheblich auf die Qualit\u00e4t unserer Produkte auswirkt.<\/p>\n<p>Zeidlern oder die heute wesentlich bekanntere Bezeichnung \"Imkern\" hat, wie auch im Mittelalter, zum Ziel den s\u00fcssen Honig zu Produzieren der neben seiner Beliebtheit bei Jung und Alt noch viele weitere tolle Eigenschaften hat. Honig ist z.b. hoch Antibakteriell und Antiviruel und wird seit Jahrhunderten als Heilmittel f\u00fcr allerlei Wehwehchen eingesetzt. Dem Tee zugemischt oder in Kombination mit echtem Ceylon Zimt ist er geradezu ein Wunderheilmittel. Auch wird er zu Kosmetika und vielen Beauty-Produkten verarbeitet.<\/p>\n<p>Die Zeidlerei ist eine sehr naturverbundene T\u00e4tigkeit und ein Zeidlerjahr beginnt im August. Im Zuge der Jahreszeiten und Trachtzeiten ergeben sich viele neue Einblicke in die Natur. Heute allerdings kann die Honigbiene, wie der Imker sie als Nutztier h\u00e4lt, nicht mehr ohne unsere Hilfe \u00fcberleben. Aufgrund der mangelnden Artenvielfalt und immer exzessiver betriebenen Monokultur in der Landwirtschaft finden die Bienen nicht mehr genug Nahrung. Und ohne die Bienen - Stirbt der Mensch! 80 Prozent aller Nahrungsmittel sind auf die Best\u00e4ubungsleistung der Insekten angewiesen.<\/p>\n<p>Aus diesem Grund, etwas f\u00fcr uns, die wir mit der Natur leben, haben wir uns f\u00fcr die Imkerei entschieden. Hier sch\u00f6pfen wir Kraft und sind der Natur direkt verbunden.<\/p>\n<p style=\"color: #ffffff;\">Bitcoin Honig Kaufen Buckfast K\u00f6niginen Ableger Imkerei Zeidlerei Kerzen Zucht Sachsen Anhalt Verkauf DHL Echter Klein Rodensleben Deutscher Honig BIO<\/p>\n","protected":false},"excerpt":{"rendered":"<p>Die Zeidlerei wiederbelebt Die Zeidlerei (auch Zedlerei) war im Mittelalter das gewerbsm\u00e4\u00dfige Sammeln von Honig wilder oder halbwilder Bienenv\u00f6lker, das von Zeidlern ausge\u00fcbt wurde. Das Wort kommt vom altdeutschen \u201ezeideln\u201c (\u201eHonig schneiden\u201c). Schneiden deshalb, weil hier \u2013 anders als heute \u2013 die gesamte Honigwabe entnommen (erbeutet) wurde dabei war der Fortbestand des Bienenvolkes nachrangig. Honig <a class=\"read-more\" href=\"https:\/\/bee.port-x.de\/?page_id=111\">... weiterlesen <span class=\"meta-nav\">&rarr;<\/span><\/a><\/p>\n","protected":false},"author":1,"featured_media":0,"parent":0,"menu_order":6,"comment_status":"closed","ping_status":"closed","template":"","meta":{"footnotes":""},"yoast_head":"<!-- This site is optimized with the Yoast SEO plugin v24.5 - https:\/\/yoast.com\/wordpress\/plugins\/seo\/ -->\n<title>Zeidlerei - Hobby Imkerei - Zeidlerei Fam. Mario Roeber<\/title>\n<meta name=\"robots\" content=\"index, follow, max-snippet:-1, max-image-preview:large, max-video-preview:-1\" \/>\n<link rel=\"canonical\" href=\"https:\/\/212.21.68.35\/?page_id=111\" \/>\n<meta property=\"og:locale\" content=\"de_DE\" \/>\n<meta property=\"og:type\" content=\"article\" \/>\n<meta property=\"og:title\" content=\"Zeidlerei - Hobby Imkerei - Zeidlerei Fam. Mario Roeber\" \/>\n<meta property=\"og:description\" content=\"Die Zeidlerei wiederbelebt Die Zeidlerei (auch Zedlerei) war im Mittelalter das gewerbsm\u00e4\u00dfige Sammeln von Honig wilder oder halbwilder Bienenv\u00f6lker, das von Zeidlern ausge\u00fcbt wurde. Das Wort kommt vom altdeutschen \u201ezeideln\u201c (\u201eHonig schneiden\u201c). Schneiden deshalb, weil hier \u2013 anders als heute \u2013 die gesamte Honigwabe entnommen (erbeutet) wurde dabei war der Fortbestand des Bienenvolkes nachrangig. Honig ... weiterlesen &rarr;\" \/>\n<meta property=\"og:url\" content=\"https:\/\/212.21.68.35\/?page_id=111\" \/>\n<meta property=\"og:site_name\" content=\"Hobby Imkerei - Zeidlerei Fam. Mario Roeber\" \/>\n<meta property=\"article:publisher\" content=\"https:\/\/www.facebook.com\/cheyenne.roeber\" \/>\n<meta property=\"article:modified_time\" content=\"2017-03-06T12:32:21+00:00\" \/>\n<meta name=\"twitter:card\" content=\"summary_large_image\" \/>\n<meta name=\"twitter:label1\" content=\"Gesch\u00e4tzte Lesezeit\" \/>\n\t<meta name=\"twitter:data1\" content=\"2\u00a0Minuten\" \/>\n<script type=\"application\/ld+json\" class=\"yoast-schema-graph\">{\"@context\":\"https:\/\/schema.org\",\"@graph\":[{\"@type\":\"WebPage\",\"@id\":\"https:\/\/212.21.68.35\/?page_id=111\",\"url\":\"https:\/\/212.21.68.35\/?page_id=111\",\"name\":\"Zeidlerei - Hobby Imkerei - Zeidlerei Fam. Mario Roeber\",\"isPartOf\":{\"@id\":\"http:\/\/212.21.68.35\/#website\"},\"datePublished\":\"2014-04-25T09:31:09+00:00\",\"dateModified\":\"2017-03-06T12:32:21+00:00\",\"inLanguage\":\"de\",\"potentialAction\":[{\"@type\":\"ReadAction\",\"target\":[\"https:\/\/212.21.68.35\/?page_id=111\"]}]},{\"@type\":\"WebSite\",\"@id\":\"http:\/\/212.21.68.35\/#website\",\"url\":\"http:\/\/212.21.68.35\/\",\"name\":\"Imkerei - Zeidlerei Fam. Mario Roeber\",\"description\":\"Wir produzieren Honig durch Bienenhaltung und Vermehrung mitten in der Magdeburger B\u00f6rde\",\"publisher\":{\"@id\":\"http:\/\/212.21.68.35\/#organization\"},\"potentialAction\":[{\"@type\":\"SearchAction\",\"target\":{\"@type\":\"EntryPoint\",\"urlTemplate\":\"http:\/\/212.21.68.35\/?s={search_term_string}\"},\"query-input\":{\"@type\":\"PropertyValueSpecification\",\"valueRequired\":true,\"valueName\":\"search_term_string\"}}],\"inLanguage\":\"de\"},{\"@type\":\"Organization\",\"@id\":\"http:\/\/212.21.68.35\/#organization\",\"name\":\"Imkerei \u2013 Zeidlerei Fam. Mario Roeber\",\"url\":\"http:\/\/212.21.68.35\/\",\"logo\":{\"@type\":\"ImageObject\",\"inLanguage\":\"de\",\"@id\":\"http:\/\/212.21.68.35\/#\/schema\/logo\/image\/\",\"url\":\"http:\/\/bee.port-x.de\/wp-content\/uploads\/2015\/03\/logo1.jpg\",\"contentUrl\":\"http:\/\/bee.port-x.de\/wp-content\/uploads\/2015\/03\/logo1.jpg\",\"width\":260,\"height\":96,\"caption\":\"Imkerei \u2013 Zeidlerei Fam. Mario Roeber\"},\"image\":{\"@id\":\"http:\/\/212.21.68.35\/#\/schema\/logo\/image\/\"},\"sameAs\":[\"https:\/\/www.facebook.com\/cheyenne.roeber\"]}]}<\/script>\n<!-- \/ Yoast SEO plugin. -->","yoast_head_json":{"title":"Zeidlerei - Hobby Imkerei - Zeidlerei Fam. Mario Roeber","robots":{"index":"index","follow":"follow","max-snippet":"max-snippet:-1","max-image-preview":"max-image-preview:large","max-video-preview":"max-video-preview:-1"},"canonical":"https:\/\/212.21.68.35\/?page_id=111","og_locale":"de_DE","og_type":"article","og_title":"Zeidlerei - Hobby Imkerei - Zeidlerei Fam. Mario Roeber","og_description":"Die Zeidlerei wiederbelebt Die Zeidlerei (auch Zedlerei) war im Mittelalter das gewerbsm\u00e4\u00dfige Sammeln von Honig wilder oder halbwilder Bienenv\u00f6lker, das von Zeidlern ausge\u00fcbt wurde. Das Wort kommt vom altdeutschen \u201ezeideln\u201c (\u201eHonig schneiden\u201c). Schneiden deshalb, weil hier \u2013 anders als heute \u2013 die gesamte Honigwabe entnommen (erbeutet) wurde dabei war der Fortbestand des Bienenvolkes nachrangig. Honig ... weiterlesen &rarr;","og_url":"https:\/\/212.21.68.35\/?page_id=111","og_site_name":"Hobby Imkerei - Zeidlerei Fam. Mario Roeber","article_publisher":"https:\/\/www.facebook.com\/cheyenne.roeber","article_modified_time":"2017-03-06T12:32:21+00:00","twitter_card":"summary_large_image","twitter_misc":{"Gesch\u00e4tzte Lesezeit":"2\u00a0Minuten"},"schema":{"@context":"https:\/\/schema.org","@graph":[{"@type":"WebPage","@id":"https:\/\/212.21.68.35\/?page_id=111","url":"https:\/\/212.21.68.35\/?page_id=111","name":"Zeidlerei - Hobby Imkerei - Zeidlerei Fam. Mario Roeber","isPartOf":{"@id":"http:\/\/212.21.68.35\/#website"},"datePublished":"2014-04-25T09:31:09+00:00","dateModified":"2017-03-06T12:32:21+00:00","inLanguage":"de","potentialAction":[{"@type":"ReadAction","target":["https:\/\/212.21.68.35\/?page_id=111"]}]},{"@type":"WebSite","@id":"http:\/\/212.21.68.35\/#website","url":"http:\/\/212.21.68.35\/","name":"Imkerei - Zeidlerei Fam. Mario Roeber","description":"Wir produzieren Honig durch Bienenhaltung und Vermehrung mitten in der Magdeburger B\u00f6rde","publisher":{"@id":"http:\/\/212.21.68.35\/#organization"},"potentialAction":[{"@type":"SearchAction","target":{"@type":"EntryPoint","urlTemplate":"http:\/\/212.21.68.35\/?s={search_term_string}"},"query-input":{"@type":"PropertyValueSpecification","valueRequired":true,"valueName":"search_term_string"}}],"inLanguage":"de"},{"@type":"Organization","@id":"http:\/\/212.21.68.35\/#organization","name":"Imkerei \u2013 Zeidlerei Fam. Mario Roeber","url":"http:\/\/212.21.68.35\/","logo":{"@type":"ImageObject","inLanguage":"de","@id":"http:\/\/212.21.68.35\/#\/schema\/logo\/image\/","url":"http:\/\/bee.port-x.de\/wp-content\/uploads\/2015\/03\/logo1.jpg","contentUrl":"http:\/\/bee.port-x.de\/wp-content\/uploads\/2015\/03\/logo1.jpg","width":260,"height":96,"caption":"Imkerei \u2013 Zeidlerei Fam. Mario Roeber"},"image":{"@id":"http:\/\/212.21.68.35\/#\/schema\/logo\/image\/"},"sameAs":["https:\/\/www.facebook.com\/cheyenne.roeber"]}]}},"jetpack_sharing_enabled":true,"_links":{"self":[{"href":"https:\/\/bee.port-x.de\/index.php?rest_route=\/wp\/v2\/pages\/111"}],"collection":[{"href":"https:\/\/bee.port-x.de\/index.php?rest_route=\/wp\/v2\/pages"}],"about":[{"href":"https:\/\/bee.port-x.de\/index.php?rest_route=\/wp\/v2\/types\/page"}],"author":[{"embeddable":true,"href":"https:\/\/bee.port-x.de\/index.php?rest_route=\/wp\/v2\/users\/1"}],"replies":[{"embeddable":true,"href":"https:\/\/bee.port-x.de\/index.php?rest_route=%2Fwp%2Fv2%2Fcomments&post=111"}],"version-history":[{"count":0,"href":"https:\/\/bee.port-x.de\/index.php?rest_route=\/wp\/v2\/pages\/111\/revisions"}],"wp:attachment":[{"href":"https:\/\/bee.port-x.de\/index.php?rest_route=%2Fwp%2Fv2%2Fmedia&parent=111"}],"curies":[{"name":"wp","href":"https:\/\/api.w.org\/{rel}","templated":true}]}}