{"id":19,"date":"2014-04-14T10:54:48","date_gmt":"2014-04-14T08:54:48","guid":{"rendered":"http:\/\/statusnet.port-x.de\/?page_id=19"},"modified":"2024-05-17T17:31:02","modified_gmt":"2024-05-17T15:31:02","slug":"ableger-koeniginnen","status":"publish","type":"page","link":"https:\/\/bee.port-x.de\/?page_id=19","title":{"rendered":"Ableger \/ K\u00f6niginnen"},"content":{"rendered":"<p style=\"text-align: left;\"><strong>Die K\u00f6nigin<\/strong><\/p>\n<p style=\"text-align: right;\"><strong><a href=\"http:\/\/www.gdeb.eu\"><img data-recalc-dims=\"1\" loading=\"lazy\" decoding=\"async\" class=\"alignright wp-image-144\" src=\"https:\/\/i0.wp.com\/bee.port-x.de\/wp-content\/uploads\/2014\/05\/Buckfast-257x300.png?resize=215%2C252\" alt=\"Buckfast\" width=\"215\" height=\"252\" \/><\/a><\/strong><\/p>\n<p>Die K\u00f6nigin legt s\u00e4mtliche Eier und bestimmt damit wesentlich die Eigenschaften eines Bienenvolkes. In unserer Bienenzucht legen wir grossen Wert auf die genetische Vielfalt im Bienenvolk. Wir selektieren unsere Zuchtv\u00f6lker insbesondere auf gutes Bruthygiene-Verhalten und hohe Winterfestigkeit. Selbstverst\u00e4ndlich d\u00fcrfen auch Sanftmut, Wabenstetigkeit und Honigleistung nicht zu kurz kommen. Alle K\u00f6niginnen werden mit dem Dadant Blatt Ableger System produziert. Sie werden erst abgegeben, wenn verdeckelte Brut vorhanden ist. Dadurch wird die Annahme der K\u00f6nigin im neuen Volk wesentlich beg\u00fcnstigt.<\/p>\n<p><strong>K\u00f6nigin und Arbeiterbienen Zucht<\/strong><\/p>\n<p><strong>Wirtschaftsk\u00f6niginnen<\/strong><br \/>\nWir produzieren standbegattete F1 Wirtschaftsk\u00f6niginnen der Rasse Buckfast. Diese K\u00f6niginnen besitzen alle guten Eigenschaften ihrer M\u00fctter. Die daraus hervorgehenden V\u00f6lker sind ausserordentlich vital, sanftm\u00fctig, schwarmtr\u00e4ge und haben eine sehr gute Honigleistung.<\/p>\n<p><strong>Reinzuchtk\u00f6niginnen<\/strong><br \/>\nUm Reinzuchtk\u00f6niginnen zu erhalten, bringen wir unsere jungen K\u00f6niginnen von allerbester gepr\u00fcfter Abstammung auf eine Buckfast A-Belegstelle. Dort werden sie von reinrassigen Drohnen verschiedener Buckfast-Linien begattet - weitere Angaben <a href=\"http:\/\/www.gdeb.eu\" target=\"_blank\" rel=\"noopener\">Gemeinschaft der europ\u00e4ischen Buckfastimker<\/a>. Mit jeder Reinzuchtk\u00f6nigin erh\u00e4lt der K\u00e4ufer einen Belegstellennachweis.<\/p>\n<p><strong>1-J\u00e4hrige Wirtschaftsk\u00f6niginnen<\/strong><br \/>\nJe nach Verf\u00fcgbarkeit verkaufen wir auch Wirtschaftsk\u00f6niginnen, welche in unseren Ablegerk\u00e4sten \u00fcberwintert haben. Diese K\u00f6niginnen sind vorgepr\u00fcft und schon im April verf\u00fcgbar, wodurch man schon sehr fr\u00fch Jungv\u00f6lker bilden oder leistungsschwache K\u00f6niginnen ersetzen kann. Diese K\u00f6niginnen werden in der Regel zu fast 100% angenommen.<\/p>\n<p><strong>Jungv\u00f6lker<\/strong><br \/>\nAuf Vorbestellung produzieren wir Jungv\u00f6lker im Wabenmass Dadant Blatt und kompatibel zu Dadant US, wahlweise mit einer Wirtschaftsk\u00f6nigin, Reinzuchtk\u00f6nigin oder F1. Ob Jungv\u00f6lker abgegeben werden k\u00f6nnen richtet sich nach Verf\u00fcgbarkeit und Situation.<\/p>\n<p style=\"color: #ffffff;\">Bitcoin Honig Kaufen Buckfast K\u00f6niginen Ableger Imkerei Zeidlerei Kerzen Zucht Sachsen Anhalt Verkauf DHL Echter Klein Rodensleben Deutscher Honig BIO<\/p>\n","protected":false},"excerpt":{"rendered":"<p>Die K\u00f6nigin Die K\u00f6nigin legt s\u00e4mtliche Eier und bestimmt damit wesentlich die Eigenschaften eines Bienenvolkes. In unserer Bienenzucht legen wir grossen Wert auf die genetische Vielfalt im Bienenvolk. Wir selektieren unsere Zuchtv\u00f6lker insbesondere auf gutes Bruthygiene-Verhalten und hohe Winterfestigkeit. Selbstverst\u00e4ndlich d\u00fcrfen auch Sanftmut, Wabenstetigkeit und Honigleistung nicht zu kurz kommen. Alle K\u00f6niginnen werden mit dem <a class=\"read-more\" href=\"https:\/\/bee.port-x.de\/?page_id=19\">... weiterlesen <span class=\"meta-nav\">&rarr;<\/span><\/a><\/p>\n","protected":false},"author":1,"featured_media":0,"parent":0,"menu_order":3,"comment_status":"open","ping_status":"open","template":"","meta":{"footnotes":""},"yoast_head":"<!-- This site is optimized with the Yoast SEO plugin v24.5 - https:\/\/yoast.com\/wordpress\/plugins\/seo\/ -->\n<title>Ableger \/ K\u00f6niginnen - Hobby Imkerei - Zeidlerei Fam. Mario Roeber<\/title>\n<meta name=\"robots\" content=\"index, follow, max-snippet:-1, max-image-preview:large, max-video-preview:-1\" \/>\n<link rel=\"canonical\" href=\"https:\/\/bee.port-x.de\/?page_id=19\" \/>\n<meta property=\"og:locale\" content=\"de_DE\" \/>\n<meta property=\"og:type\" content=\"article\" \/>\n<meta property=\"og:title\" content=\"Ableger \/ K\u00f6niginnen - Hobby Imkerei - Zeidlerei Fam. Mario Roeber\" \/>\n<meta property=\"og:description\" content=\"Die K\u00f6nigin Die K\u00f6nigin legt s\u00e4mtliche Eier und bestimmt damit wesentlich die Eigenschaften eines Bienenvolkes. In unserer Bienenzucht legen wir grossen Wert auf die genetische Vielfalt im Bienenvolk. Wir selektieren unsere Zuchtv\u00f6lker insbesondere auf gutes Bruthygiene-Verhalten und hohe Winterfestigkeit. Selbstverst\u00e4ndlich d\u00fcrfen auch Sanftmut, Wabenstetigkeit und Honigleistung nicht zu kurz kommen. Alle K\u00f6niginnen werden mit dem ... weiterlesen &rarr;\" \/>\n<meta property=\"og:url\" content=\"https:\/\/bee.port-x.de\/?page_id=19\" \/>\n<meta property=\"og:site_name\" content=\"Hobby Imkerei - Zeidlerei Fam. Mario Roeber\" \/>\n<meta property=\"article:publisher\" content=\"https:\/\/www.facebook.com\/cheyenne.roeber\" \/>\n<meta property=\"article:modified_time\" content=\"2024-05-17T15:31:02+00:00\" \/>\n<meta property=\"og:image\" content=\"http:\/\/bee.port-x.de\/wp-content\/uploads\/2014\/05\/Buckfast-257x300.png\" \/>\n<meta name=\"twitter:card\" content=\"summary_large_image\" \/>\n<meta name=\"twitter:label1\" content=\"Gesch\u00e4tzte Lesezeit\" \/>\n\t<meta name=\"twitter:data1\" content=\"2\u00a0Minuten\" \/>\n<script type=\"application\/ld+json\" class=\"yoast-schema-graph\">{\"@context\":\"https:\/\/schema.org\",\"@graph\":[{\"@type\":\"WebPage\",\"@id\":\"https:\/\/bee.port-x.de\/?page_id=19\",\"url\":\"https:\/\/bee.port-x.de\/?page_id=19\",\"name\":\"Ableger \/ K\u00f6niginnen - Hobby Imkerei - Zeidlerei Fam. Mario Roeber\",\"isPartOf\":{\"@id\":\"http:\/\/212.21.68.35\/#website\"},\"primaryImageOfPage\":{\"@id\":\"https:\/\/bee.port-x.de\/?page_id=19#primaryimage\"},\"image\":{\"@id\":\"https:\/\/bee.port-x.de\/?page_id=19#primaryimage\"},\"thumbnailUrl\":\"http:\/\/bee.port-x.de\/wp-content\/uploads\/2014\/05\/Buckfast-257x300.png\",\"datePublished\":\"2014-04-14T08:54:48+00:00\",\"dateModified\":\"2024-05-17T15:31:02+00:00\",\"inLanguage\":\"de\",\"potentialAction\":[{\"@type\":\"ReadAction\",\"target\":[\"https:\/\/bee.port-x.de\/?page_id=19\"]}]},{\"@type\":\"ImageObject\",\"inLanguage\":\"de\",\"@id\":\"https:\/\/bee.port-x.de\/?page_id=19#primaryimage\",\"url\":\"http:\/\/bee.port-x.de\/wp-content\/uploads\/2014\/05\/Buckfast-257x300.png\",\"contentUrl\":\"http:\/\/bee.port-x.de\/wp-content\/uploads\/2014\/05\/Buckfast-257x300.png\"},{\"@type\":\"WebSite\",\"@id\":\"http:\/\/212.21.68.35\/#website\",\"url\":\"http:\/\/212.21.68.35\/\",\"name\":\"Imkerei - Zeidlerei Fam. Mario Roeber\",\"description\":\"Wir produzieren Honig durch Bienenhaltung und Vermehrung mitten in der Magdeburger B\u00f6rde\",\"publisher\":{\"@id\":\"http:\/\/212.21.68.35\/#organization\"},\"potentialAction\":[{\"@type\":\"SearchAction\",\"target\":{\"@type\":\"EntryPoint\",\"urlTemplate\":\"http:\/\/212.21.68.35\/?s={search_term_string}\"},\"query-input\":{\"@type\":\"PropertyValueSpecification\",\"valueRequired\":true,\"valueName\":\"search_term_string\"}}],\"inLanguage\":\"de\"},{\"@type\":\"Organization\",\"@id\":\"http:\/\/212.21.68.35\/#organization\",\"name\":\"Imkerei \u2013 Zeidlerei Fam. Mario Roeber\",\"url\":\"http:\/\/212.21.68.35\/\",\"logo\":{\"@type\":\"ImageObject\",\"inLanguage\":\"de\",\"@id\":\"http:\/\/212.21.68.35\/#\/schema\/logo\/image\/\",\"url\":\"http:\/\/bee.port-x.de\/wp-content\/uploads\/2015\/03\/logo1.jpg\",\"contentUrl\":\"http:\/\/bee.port-x.de\/wp-content\/uploads\/2015\/03\/logo1.jpg\",\"width\":260,\"height\":96,\"caption\":\"Imkerei \u2013 Zeidlerei Fam. Mario Roeber\"},\"image\":{\"@id\":\"http:\/\/212.21.68.35\/#\/schema\/logo\/image\/\"},\"sameAs\":[\"https:\/\/www.facebook.com\/cheyenne.roeber\"]}]}<\/script>\n<!-- \/ Yoast SEO plugin. -->","yoast_head_json":{"title":"Ableger \/ K\u00f6niginnen - Hobby Imkerei - Zeidlerei Fam. Mario Roeber","robots":{"index":"index","follow":"follow","max-snippet":"max-snippet:-1","max-image-preview":"max-image-preview:large","max-video-preview":"max-video-preview:-1"},"canonical":"https:\/\/bee.port-x.de\/?page_id=19","og_locale":"de_DE","og_type":"article","og_title":"Ableger \/ K\u00f6niginnen - Hobby Imkerei - Zeidlerei Fam. Mario Roeber","og_description":"Die K\u00f6nigin Die K\u00f6nigin legt s\u00e4mtliche Eier und bestimmt damit wesentlich die Eigenschaften eines Bienenvolkes. In unserer Bienenzucht legen wir grossen Wert auf die genetische Vielfalt im Bienenvolk. Wir selektieren unsere Zuchtv\u00f6lker insbesondere auf gutes Bruthygiene-Verhalten und hohe Winterfestigkeit. Selbstverst\u00e4ndlich d\u00fcrfen auch Sanftmut, Wabenstetigkeit und Honigleistung nicht zu kurz kommen. Alle K\u00f6niginnen werden mit dem ... weiterlesen &rarr;","og_url":"https:\/\/bee.port-x.de\/?page_id=19","og_site_name":"Hobby Imkerei - Zeidlerei Fam. Mario Roeber","article_publisher":"https:\/\/www.facebook.com\/cheyenne.roeber","article_modified_time":"2024-05-17T15:31:02+00:00","og_image":[{"url":"http:\/\/bee.port-x.de\/wp-content\/uploads\/2014\/05\/Buckfast-257x300.png","type":"","width":"","height":""}],"twitter_card":"summary_large_image","twitter_misc":{"Gesch\u00e4tzte Lesezeit":"2\u00a0Minuten"},"schema":{"@context":"https:\/\/schema.org","@graph":[{"@type":"WebPage","@id":"https:\/\/bee.port-x.de\/?page_id=19","url":"https:\/\/bee.port-x.de\/?page_id=19","name":"Ableger \/ K\u00f6niginnen - Hobby Imkerei - Zeidlerei Fam. Mario Roeber","isPartOf":{"@id":"http:\/\/212.21.68.35\/#website"},"primaryImageOfPage":{"@id":"https:\/\/bee.port-x.de\/?page_id=19#primaryimage"},"image":{"@id":"https:\/\/bee.port-x.de\/?page_id=19#primaryimage"},"thumbnailUrl":"http:\/\/bee.port-x.de\/wp-content\/uploads\/2014\/05\/Buckfast-257x300.png","datePublished":"2014-04-14T08:54:48+00:00","dateModified":"2024-05-17T15:31:02+00:00","inLanguage":"de","potentialAction":[{"@type":"ReadAction","target":["https:\/\/bee.port-x.de\/?page_id=19"]}]},{"@type":"ImageObject","inLanguage":"de","@id":"https:\/\/bee.port-x.de\/?page_id=19#primaryimage","url":"http:\/\/bee.port-x.de\/wp-content\/uploads\/2014\/05\/Buckfast-257x300.png","contentUrl":"http:\/\/bee.port-x.de\/wp-content\/uploads\/2014\/05\/Buckfast-257x300.png"},{"@type":"WebSite","@id":"http:\/\/212.21.68.35\/#website","url":"http:\/\/212.21.68.35\/","name":"Imkerei - Zeidlerei Fam. Mario Roeber","description":"Wir produzieren Honig durch Bienenhaltung und Vermehrung mitten in der Magdeburger B\u00f6rde","publisher":{"@id":"http:\/\/212.21.68.35\/#organization"},"potentialAction":[{"@type":"SearchAction","target":{"@type":"EntryPoint","urlTemplate":"http:\/\/212.21.68.35\/?s={search_term_string}"},"query-input":{"@type":"PropertyValueSpecification","valueRequired":true,"valueName":"search_term_string"}}],"inLanguage":"de"},{"@type":"Organization","@id":"http:\/\/212.21.68.35\/#organization","name":"Imkerei \u2013 Zeidlerei Fam. Mario Roeber","url":"http:\/\/212.21.68.35\/","logo":{"@type":"ImageObject","inLanguage":"de","@id":"http:\/\/212.21.68.35\/#\/schema\/logo\/image\/","url":"http:\/\/bee.port-x.de\/wp-content\/uploads\/2015\/03\/logo1.jpg","contentUrl":"http:\/\/bee.port-x.de\/wp-content\/uploads\/2015\/03\/logo1.jpg","width":260,"height":96,"caption":"Imkerei \u2013 Zeidlerei Fam. Mario Roeber"},"image":{"@id":"http:\/\/212.21.68.35\/#\/schema\/logo\/image\/"},"sameAs":["https:\/\/www.facebook.com\/cheyenne.roeber"]}]}},"jetpack_sharing_enabled":true,"_links":{"self":[{"href":"https:\/\/bee.port-x.de\/index.php?rest_route=\/wp\/v2\/pages\/19"}],"collection":[{"href":"https:\/\/bee.port-x.de\/index.php?rest_route=\/wp\/v2\/pages"}],"about":[{"href":"https:\/\/bee.port-x.de\/index.php?rest_route=\/wp\/v2\/types\/page"}],"author":[{"embeddable":true,"href":"https:\/\/bee.port-x.de\/index.php?rest_route=\/wp\/v2\/users\/1"}],"replies":[{"embeddable":true,"href":"https:\/\/bee.port-x.de\/index.php?rest_route=%2Fwp%2Fv2%2Fcomments&post=19"}],"version-history":[{"count":0,"href":"https:\/\/bee.port-x.de\/index.php?rest_route=\/wp\/v2\/pages\/19\/revisions"}],"wp:attachment":[{"href":"https:\/\/bee.port-x.de\/index.php?rest_route=%2Fwp%2Fv2%2Fmedia&parent=19"}],"curies":[{"name":"wp","href":"https:\/\/api.w.org\/{rel}","templated":true}]}}