{"id":2,"date":"2013-10-15T17:05:21","date_gmt":"2013-10-15T17:05:21","guid":{"rendered":"http:\/\/127.0.0.1\/?page_id=2"},"modified":"2018-05-18T08:24:56","modified_gmt":"2018-05-18T06:24:56","slug":"sample-page","status":"publish","type":"page","link":"https:\/\/bee.port-x.de\/?page_id=2","title":{"rendered":"Produkte"},"content":{"rendered":"<p><strong>Unsere Bienen produzieren folgende Arten von Honig<\/strong><\/p>\n<p style=\"text-align: left;\"><a href=\"https:\/\/i0.wp.com\/bee.port-x.de\/wp-content\/uploads\/2014\/06\/Bitcoin_accepted.png\"><img data-recalc-dims=\"1\" loading=\"lazy\" decoding=\"async\" class=\" wp-image-170 alignright\" src=\"https:\/\/i0.wp.com\/bee.port-x.de\/wp-content\/uploads\/2014\/06\/Bitcoin_accepted-300x103.png?resize=136%2C47\" alt=\"Bitcoin_accepted\" width=\"136\" height=\"47\" srcset=\"https:\/\/i0.wp.com\/bee.port-x.de\/wp-content\/uploads\/2014\/06\/Bitcoin_accepted.png?resize=300%2C103&amp;ssl=1 300w, https:\/\/i0.wp.com\/bee.port-x.de\/wp-content\/uploads\/2014\/06\/Bitcoin_accepted.png?resize=600%2C207&amp;ssl=1 600w, https:\/\/i0.wp.com\/bee.port-x.de\/wp-content\/uploads\/2014\/06\/Bitcoin_accepted.png?resize=1024%2C354&amp;ssl=1 1024w, https:\/\/i0.wp.com\/bee.port-x.de\/wp-content\/uploads\/2014\/06\/Bitcoin_accepted.png?resize=960%2C331&amp;ssl=1 960w, https:\/\/i0.wp.com\/bee.port-x.de\/wp-content\/uploads\/2014\/06\/Bitcoin_accepted.png?w=1550&amp;ssl=1 1550w, https:\/\/i0.wp.com\/bee.port-x.de\/wp-content\/uploads\/2014\/06\/Bitcoin_accepted.png?w=1250&amp;ssl=1 1250w\" sizes=\"(max-width: 136px) 100vw, 136px\" \/><\/a>Unser Honig zeichnet sich durch seine Naturbelassenheit aus. Wir lehnen jegliche Sch\u00f6nung oder andere Beimischungen die den Geschmack verf\u00e4lschen ab. Bei uns kommt der Honig, Kalt geschleudert, so in das Glas wie die Bienen ihn in der Wabe einbringen. So gew\u00e4hrleisten wir das unser Honig absolut Biologisch nat\u00fcrlich auf den Tisch kommt und Honig schmeckt wie er schmecken sollte. Sie k\u00f6nnen bequem per PayPal oder mit virtuellen W\u00e4hrungen zahlen.<\/p>\n<p><strong>Honig Fr\u00fchjahrsernte:<\/strong> Dieser Honig spiegelt die typische Magdeburger B\u00f6rde \u00a0im Fr\u00fchling wieder, mit\u00a0bl\u00fchenden Kirsch-, Apfel- und Birnb\u00e4umen, sowie L\u00f6wenzahn und Rapsfeldern.<\/p>\n<p><strong>Honig Sommerernte:<\/strong> Ein reichhaltiges Bouquet aus Sommerbl\u00fcten, haupts\u00e4chlich Lindenbl\u00fcten, Robinie, Kastanie,\u00a0Sonnenblumen, Brombeeren, Phacelien und dem Honigtau von Laubb\u00e4umen.<\/p>\n<p><a href=\"http:\/\/bee.port-x.de\/?page_id=396\">Weiter zu unserem Angebot<\/a><\/p>\n<p><strong>Hinweis:<\/strong>\u00a0Sommerhonig kann erst im Sommer bestellt werden.<\/p>\n<p><strong>Auf <a href=\"http:\/\/bee.port-x.de\/?page_id=328\">Anfrage<\/a> produzieren wir auch allerfeinsten Wabenhonig<\/strong><\/p>\n<p><strong>Wachs und was man daraus machen kann<\/strong><\/p>\n<p><strong>Teelichter<\/strong><\/p>\n<p>Wachsfarben Gelb: 10 St\u00fcck \u20ac 5,- \/ 5 St\u00fcck \u20ac 2.50<\/p>\n<p><em>*Die Honigpreise sind reine Bruttopriese, abgeholt ab Wellner Str. 11, 39164 Wanzleben\u00a0B\u00f6rde.\u00a0<\/em><em>Bei Lieferung \u00fcber DHL wird eine Versandkostenpauschale berechnet.<\/em><\/p>\n<p style=\"color: #ffffff;\">Bitcoin Honig Kaufen Buckfast K\u00f6niginen Ableger Imkerei Zeidlerei Kerzen Zucht Sachsen Anhalt Verkauf DHL Echter Klein Rodensleben Deutscher Honig BIO<\/p>\n<p>&nbsp;<\/p>\n","protected":false},"excerpt":{"rendered":"<p>Unsere Bienen produzieren folgende Arten von Honig Unser Honig zeichnet sich durch seine Naturbelassenheit aus. Wir lehnen jegliche Sch\u00f6nung oder andere Beimischungen die den Geschmack verf\u00e4lschen ab. Bei uns kommt der Honig, Kalt geschleudert, so in das Glas wie die Bienen ihn in der Wabe einbringen. So gew\u00e4hrleisten wir das unser Honig absolut Biologisch nat\u00fcrlich <a class=\"read-more\" href=\"https:\/\/bee.port-x.de\/?page_id=2\">... weiterlesen <span class=\"meta-nav\">&rarr;<\/span><\/a><\/p>\n","protected":false},"author":1,"featured_media":0,"parent":0,"menu_order":2,"comment_status":"open","ping_status":"open","template":"","meta":{"footnotes":""},"yoast_head":"<!-- This site is optimized with the Yoast SEO plugin v24.5 - https:\/\/yoast.com\/wordpress\/plugins\/seo\/ -->\n<title>Produkte Fam. Mario Roeber<\/title>\n<meta name=\"description\" content=\"Genfrei Honig Sorten Bio Bestellen Versand Klein Rodensleben Buckfast Sommerhonig Bluetenhonig 500g 250g Preis Ertrag Tracht Raps Linde Robinie Kastanie\" \/>\n<meta name=\"robots\" content=\"index, follow, max-snippet:-1, max-image-preview:large, max-video-preview:-1\" \/>\n<link rel=\"canonical\" href=\"http:\/\/statusnet.port-x.de\/?page_id=2\" \/>\n<meta property=\"og:locale\" content=\"de_DE\" \/>\n<meta property=\"og:type\" content=\"article\" \/>\n<meta property=\"og:title\" content=\"Produkte Fam. Mario Roeber\" \/>\n<meta property=\"og:description\" content=\"Genfrei Honig Sorten Bio Bestellen Versand Klein Rodensleben Buckfast Sommerhonig Bluetenhonig 500g 250g Preis Ertrag Tracht Raps Linde Robinie Kastanie\" \/>\n<meta property=\"og:url\" content=\"http:\/\/statusnet.port-x.de\/?page_id=2\" \/>\n<meta property=\"og:site_name\" content=\"Hobby Imkerei - Zeidlerei Fam. Mario Roeber\" \/>\n<meta property=\"article:publisher\" content=\"https:\/\/www.facebook.com\/cheyenne.roeber\" \/>\n<meta property=\"article:modified_time\" content=\"2018-05-18T06:24:56+00:00\" \/>\n<meta property=\"og:image\" content=\"http:\/\/bee.port-x.de\/wp-content\/uploads\/2014\/06\/Bitcoin_accepted-300x103.png\" \/>\n<meta name=\"twitter:card\" content=\"summary_large_image\" \/>\n<meta name=\"twitter:label1\" content=\"Gesch\u00e4tzte Lesezeit\" \/>\n\t<meta name=\"twitter:data1\" content=\"1\u00a0Minute\" \/>\n<script type=\"application\/ld+json\" class=\"yoast-schema-graph\">{\"@context\":\"https:\/\/schema.org\",\"@graph\":[{\"@type\":\"WebPage\",\"@id\":\"http:\/\/statusnet.port-x.de\/?page_id=2\",\"url\":\"http:\/\/statusnet.port-x.de\/?page_id=2\",\"name\":\"Produkte Fam. Mario Roeber\",\"isPartOf\":{\"@id\":\"http:\/\/212.21.68.35\/#website\"},\"primaryImageOfPage\":{\"@id\":\"http:\/\/statusnet.port-x.de\/?page_id=2#primaryimage\"},\"image\":{\"@id\":\"http:\/\/statusnet.port-x.de\/?page_id=2#primaryimage\"},\"thumbnailUrl\":\"http:\/\/bee.port-x.de\/wp-content\/uploads\/2014\/06\/Bitcoin_accepted-300x103.png\",\"datePublished\":\"2013-10-15T17:05:21+00:00\",\"dateModified\":\"2018-05-18T06:24:56+00:00\",\"description\":\"Genfrei Honig Sorten Bio Bestellen Versand Klein Rodensleben Buckfast Sommerhonig Bluetenhonig 500g 250g Preis Ertrag Tracht Raps Linde Robinie Kastanie\",\"inLanguage\":\"de\",\"potentialAction\":[{\"@type\":\"ReadAction\",\"target\":[\"http:\/\/statusnet.port-x.de\/?page_id=2\"]}]},{\"@type\":\"ImageObject\",\"inLanguage\":\"de\",\"@id\":\"http:\/\/statusnet.port-x.de\/?page_id=2#primaryimage\",\"url\":\"http:\/\/bee.port-x.de\/wp-content\/uploads\/2014\/06\/Bitcoin_accepted-300x103.png\",\"contentUrl\":\"http:\/\/bee.port-x.de\/wp-content\/uploads\/2014\/06\/Bitcoin_accepted-300x103.png\"},{\"@type\":\"WebSite\",\"@id\":\"http:\/\/212.21.68.35\/#website\",\"url\":\"http:\/\/212.21.68.35\/\",\"name\":\"Imkerei - Zeidlerei Fam. Mario Roeber\",\"description\":\"Wir produzieren Honig durch Bienenhaltung und Vermehrung mitten in der Magdeburger B\u00f6rde\",\"publisher\":{\"@id\":\"http:\/\/212.21.68.35\/#organization\"},\"potentialAction\":[{\"@type\":\"SearchAction\",\"target\":{\"@type\":\"EntryPoint\",\"urlTemplate\":\"http:\/\/212.21.68.35\/?s={search_term_string}\"},\"query-input\":{\"@type\":\"PropertyValueSpecification\",\"valueRequired\":true,\"valueName\":\"search_term_string\"}}],\"inLanguage\":\"de\"},{\"@type\":\"Organization\",\"@id\":\"http:\/\/212.21.68.35\/#organization\",\"name\":\"Imkerei \u2013 Zeidlerei Fam. Mario Roeber\",\"url\":\"http:\/\/212.21.68.35\/\",\"logo\":{\"@type\":\"ImageObject\",\"inLanguage\":\"de\",\"@id\":\"http:\/\/212.21.68.35\/#\/schema\/logo\/image\/\",\"url\":\"http:\/\/bee.port-x.de\/wp-content\/uploads\/2015\/03\/logo1.jpg\",\"contentUrl\":\"http:\/\/bee.port-x.de\/wp-content\/uploads\/2015\/03\/logo1.jpg\",\"width\":260,\"height\":96,\"caption\":\"Imkerei \u2013 Zeidlerei Fam. Mario Roeber\"},\"image\":{\"@id\":\"http:\/\/212.21.68.35\/#\/schema\/logo\/image\/\"},\"sameAs\":[\"https:\/\/www.facebook.com\/cheyenne.roeber\"]}]}<\/script>\n<!-- \/ Yoast SEO plugin. -->","yoast_head_json":{"title":"Produkte Fam. Mario Roeber","description":"Genfrei Honig Sorten Bio Bestellen Versand Klein Rodensleben Buckfast Sommerhonig Bluetenhonig 500g 250g Preis Ertrag Tracht Raps Linde Robinie Kastanie","robots":{"index":"index","follow":"follow","max-snippet":"max-snippet:-1","max-image-preview":"max-image-preview:large","max-video-preview":"max-video-preview:-1"},"canonical":"http:\/\/statusnet.port-x.de\/?page_id=2","og_locale":"de_DE","og_type":"article","og_title":"Produkte Fam. Mario Roeber","og_description":"Genfrei Honig Sorten Bio Bestellen Versand Klein Rodensleben Buckfast Sommerhonig Bluetenhonig 500g 250g Preis Ertrag Tracht Raps Linde Robinie Kastanie","og_url":"http:\/\/statusnet.port-x.de\/?page_id=2","og_site_name":"Hobby Imkerei - Zeidlerei Fam. Mario Roeber","article_publisher":"https:\/\/www.facebook.com\/cheyenne.roeber","article_modified_time":"2018-05-18T06:24:56+00:00","og_image":[{"url":"http:\/\/bee.port-x.de\/wp-content\/uploads\/2014\/06\/Bitcoin_accepted-300x103.png","type":"","width":"","height":""}],"twitter_card":"summary_large_image","twitter_misc":{"Gesch\u00e4tzte Lesezeit":"1\u00a0Minute"},"schema":{"@context":"https:\/\/schema.org","@graph":[{"@type":"WebPage","@id":"http:\/\/statusnet.port-x.de\/?page_id=2","url":"http:\/\/statusnet.port-x.de\/?page_id=2","name":"Produkte Fam. Mario Roeber","isPartOf":{"@id":"http:\/\/212.21.68.35\/#website"},"primaryImageOfPage":{"@id":"http:\/\/statusnet.port-x.de\/?page_id=2#primaryimage"},"image":{"@id":"http:\/\/statusnet.port-x.de\/?page_id=2#primaryimage"},"thumbnailUrl":"http:\/\/bee.port-x.de\/wp-content\/uploads\/2014\/06\/Bitcoin_accepted-300x103.png","datePublished":"2013-10-15T17:05:21+00:00","dateModified":"2018-05-18T06:24:56+00:00","description":"Genfrei Honig Sorten Bio Bestellen Versand Klein Rodensleben Buckfast Sommerhonig Bluetenhonig 500g 250g Preis Ertrag Tracht Raps Linde Robinie Kastanie","inLanguage":"de","potentialAction":[{"@type":"ReadAction","target":["http:\/\/statusnet.port-x.de\/?page_id=2"]}]},{"@type":"ImageObject","inLanguage":"de","@id":"http:\/\/statusnet.port-x.de\/?page_id=2#primaryimage","url":"http:\/\/bee.port-x.de\/wp-content\/uploads\/2014\/06\/Bitcoin_accepted-300x103.png","contentUrl":"http:\/\/bee.port-x.de\/wp-content\/uploads\/2014\/06\/Bitcoin_accepted-300x103.png"},{"@type":"WebSite","@id":"http:\/\/212.21.68.35\/#website","url":"http:\/\/212.21.68.35\/","name":"Imkerei - Zeidlerei Fam. Mario Roeber","description":"Wir produzieren Honig durch Bienenhaltung und Vermehrung mitten in der Magdeburger B\u00f6rde","publisher":{"@id":"http:\/\/212.21.68.35\/#organization"},"potentialAction":[{"@type":"SearchAction","target":{"@type":"EntryPoint","urlTemplate":"http:\/\/212.21.68.35\/?s={search_term_string}"},"query-input":{"@type":"PropertyValueSpecification","valueRequired":true,"valueName":"search_term_string"}}],"inLanguage":"de"},{"@type":"Organization","@id":"http:\/\/212.21.68.35\/#organization","name":"Imkerei \u2013 Zeidlerei Fam. Mario Roeber","url":"http:\/\/212.21.68.35\/","logo":{"@type":"ImageObject","inLanguage":"de","@id":"http:\/\/212.21.68.35\/#\/schema\/logo\/image\/","url":"http:\/\/bee.port-x.de\/wp-content\/uploads\/2015\/03\/logo1.jpg","contentUrl":"http:\/\/bee.port-x.de\/wp-content\/uploads\/2015\/03\/logo1.jpg","width":260,"height":96,"caption":"Imkerei \u2013 Zeidlerei Fam. Mario Roeber"},"image":{"@id":"http:\/\/212.21.68.35\/#\/schema\/logo\/image\/"},"sameAs":["https:\/\/www.facebook.com\/cheyenne.roeber"]}]}},"jetpack_sharing_enabled":true,"_links":{"self":[{"href":"https:\/\/bee.port-x.de\/index.php?rest_route=\/wp\/v2\/pages\/2"}],"collection":[{"href":"https:\/\/bee.port-x.de\/index.php?rest_route=\/wp\/v2\/pages"}],"about":[{"href":"https:\/\/bee.port-x.de\/index.php?rest_route=\/wp\/v2\/types\/page"}],"author":[{"embeddable":true,"href":"https:\/\/bee.port-x.de\/index.php?rest_route=\/wp\/v2\/users\/1"}],"replies":[{"embeddable":true,"href":"https:\/\/bee.port-x.de\/index.php?rest_route=%2Fwp%2Fv2%2Fcomments&post=2"}],"version-history":[{"count":0,"href":"https:\/\/bee.port-x.de\/index.php?rest_route=\/wp\/v2\/pages\/2\/revisions"}],"wp:attachment":[{"href":"https:\/\/bee.port-x.de\/index.php?rest_route=%2Fwp%2Fv2%2Fmedia&parent=2"}],"curies":[{"name":"wp","href":"https:\/\/api.w.org\/{rel}","templated":true}]}}